{"id":623,"date":"2024-10-20T19:18:56","date_gmt":"2024-10-20T16:18:56","guid":{"rendered":"https:\/\/hataydent.com\/de\/?page_id=623"},"modified":"2024-10-22T02:38:46","modified_gmt":"2024-10-21T23:38:46","slug":"abteilungen","status":"publish","type":"page","link":"https:\/\/hataydent.com\/de\/abteilungen\/","title":{"rendered":"Abteilungen"},"content":{"rendered":"\n<div class=\"wp-block-uagb-container uagb-block-a82cfdbc alignfull uagb-is-root-container\"><div class=\"uagb-container-inner-blocks-wrap\">\n<div class=\"wp-block-uagb-container uagb-block-1a238c77\"><\/div>\n\n\n\n<div class=\"wp-block-uagb-container uagb-block-079b050b\">\n<p><\/p>\n\n\n\n<p><\/p>\n\n\n\n<p><\/p>\n\n\n\n<p><\/p>\n<\/div>\n<\/div><\/div>\n\n\n\n<div class=\"wp-block-uagb-container uagb-block-a03e8c5f alignwide uagb-is-root-container\">\n<div class=\"wp-block-uagb-container uagb-block-399d6376\">\n<div class=\"wp-block-uagb-info-box uagb-block-f9731691 uagb-infobox__content-wrap  uagb-infobox-icon-above-title uagb-infobox-image-valign-top\"><div class=\"uagb-ifb-content\"><div class=\"uagb-ifb-icon-wrap\"><svg xmlns=\"https:\/\/www.w3.org\/2000\/svg\" viewBox=\"0 0 512 512\"><path d=\"M0 256C0 114.6 114.6 0 256 0C397.4 0 512 114.6 512 256C512 397.4 397.4 512 256 512C114.6 512 0 397.4 0 256zM371.8 211.8C382.7 200.9 382.7 183.1 371.8 172.2C360.9 161.3 343.1 161.3 332.2 172.2L224 280.4L179.8 236.2C168.9 225.3 151.1 225.3 140.2 236.2C129.3 247.1 129.3 264.9 140.2 275.8L204.2 339.8C215.1 350.7 232.9 350.7 243.8 339.8L371.8 211.8z\"><\/path><\/svg><\/div><div class=\"uagb-ifb-title-wrap\"><h3 class=\"uagb-ifb-title\"><strong>Zahnwurzelbehandlung<\/strong><\/h3><\/div><p class=\"uagb-ifb-desc\">Wir beseitigen Infektionen im Inneren Ihrer Z\u00e4hne! Wir retten Ihre Z\u00e4hne schmerzfrei mit einer Wurzelbehandlung<\/p><\/div><\/div>\n<\/div>\n\n\n\n<div class=\"wp-block-uagb-container uagb-block-16f68ce4\">\n<div class=\"wp-block-uagb-image uagb-block-7884bdbe wp-block-uagb-image--layout-default wp-block-uagb-image--effect-static wp-block-uagb-image--align-none\"><figure class=\"wp-block-uagb-image__figure\"><img decoding=\"async\" srcset=\"https:\/\/hataydent.com\/de\/wp-content\/uploads\/sites\/4\/2024\/10\/kanal-tedavisi-hakkinda-her-sey-1024x576.jpg ,https:\/\/hataydent.com\/de\/wp-content\/uploads\/sites\/4\/2024\/10\/kanal-tedavisi-hakkinda-her-sey.jpg 780w, https:\/\/hataydent.com\/de\/wp-content\/uploads\/sites\/4\/2024\/10\/kanal-tedavisi-hakkinda-her-sey.jpg 360w\" sizes=\"auto, (max-width: 480px) 150px\" src=\"https:\/\/hataydent.com\/de\/wp-content\/uploads\/sites\/4\/2024\/10\/kanal-tedavisi-hakkinda-her-sey-1024x576.jpg\" alt=\"\" class=\"uag-image-740\" width=\"1024\" height=\"576\" title=\"kanal-tedavisi-hakkinda-her-sey\" loading=\"lazy\" role=\"img\"\/><\/figure><\/div>\n<\/div>\n<\/div>\n\n\n\n<div class=\"wp-block-uagb-container uagb-block-f11c7ac9 alignwide uagb-is-root-container\">\n<div class=\"wp-block-uagb-container uagb-block-9cf09817\">\n<div class=\"wp-block-uagb-info-box uagb-block-23a0149d uagb-infobox__content-wrap  uagb-infobox-icon-above-title uagb-infobox-image-valign-top\"><div class=\"uagb-ifb-content\"><div class=\"uagb-ifb-icon-wrap\"><svg xmlns=\"https:\/\/www.w3.org\/2000\/svg\" viewBox=\"0 0 512 512\"><path d=\"M0 256C0 114.6 114.6 0 256 0C397.4 0 512 114.6 512 256C512 397.4 397.4 512 256 512C114.6 512 0 397.4 0 256zM371.8 211.8C382.7 200.9 382.7 183.1 371.8 172.2C360.9 161.3 343.1 161.3 332.2 172.2L224 280.4L179.8 236.2C168.9 225.3 151.1 225.3 140.2 236.2C129.3 247.1 129.3 264.9 140.2 275.8L204.2 339.8C215.1 350.7 232.9 350.7 243.8 339.8L371.8 211.8z\"><\/path><\/svg><\/div><div class=\"uagb-ifb-title-wrap\"><h3 class=\"uagb-ifb-title\"><strong>Implantologie<\/strong><\/h3><\/div><p class=\"uagb-ifb-desc\">Dauerhafte L\u00f6sung f\u00fcr fehlende Z\u00e4hne! Mit unseren Implantaten k\u00f6nnen Sie nat\u00fcrlich aussehende und funktionelle Z\u00e4hne erhalten.<\/p><\/div><\/div>\n<\/div>\n\n\n\n<div class=\"wp-block-uagb-container uagb-block-362edfa8\">\n<div class=\"wp-block-uagb-image uagb-block-70cf5a67 wp-block-uagb-image--layout-default wp-block-uagb-image--effect-static wp-block-uagb-image--align-none\"><figure class=\"wp-block-uagb-image__figure\"><img decoding=\"async\" srcset=\"https:\/\/hataydent.com\/de\/wp-content\/uploads\/sites\/4\/2024\/10\/bannerlarkare1-1024x1024.jpg ,https:\/\/hataydent.com\/de\/wp-content\/uploads\/sites\/4\/2024\/10\/bannerlarkare1.jpg 780w, https:\/\/hataydent.com\/de\/wp-content\/uploads\/sites\/4\/2024\/10\/bannerlarkare1.jpg 360w\" sizes=\"auto, (max-width: 480px) 150px\" src=\"https:\/\/hataydent.com\/de\/wp-content\/uploads\/sites\/4\/2024\/10\/bannerlarkare1-1024x1024.jpg\" alt=\"\" class=\"uag-image-720\" width=\"1024\" height=\"1024\" title=\"bannerlarkare1\" loading=\"lazy\" role=\"img\"\/><\/figure><\/div>\n<\/div>\n<\/div>\n\n\n\n<div class=\"wp-block-uagb-container uagb-block-a1e74467 alignwide uagb-is-root-container\">\n<div class=\"wp-block-uagb-container uagb-block-3798458b\">\n<div class=\"wp-block-uagb-info-box uagb-block-8ec00ba8 uagb-infobox__content-wrap  uagb-infobox-icon-above-title uagb-infobox-image-valign-top\"><div class=\"uagb-ifb-content\"><div class=\"uagb-ifb-icon-wrap\"><svg xmlns=\"https:\/\/www.w3.org\/2000\/svg\" viewBox=\"0 0 512 512\"><path d=\"M0 256C0 114.6 114.6 0 256 0C397.4 0 512 114.6 512 256C512 397.4 397.4 512 256 512C114.6 512 0 397.4 0 256zM371.8 211.8C382.7 200.9 382.7 183.1 371.8 172.2C360.9 161.3 343.1 161.3 332.2 172.2L224 280.4L179.8 236.2C168.9 225.3 151.1 225.3 140.2 236.2C129.3 247.1 129.3 264.9 140.2 275.8L204.2 339.8C215.1 350.7 232.9 350.7 243.8 339.8L371.8 211.8z\"><\/path><\/svg><\/div><div class=\"uagb-ifb-title-wrap\"><h3 class=\"uagb-ifb-title\"><strong>Kieferorthop\u00e4die<\/strong><\/h3><\/div><p class=\"uagb-ifb-desc\">F\u00fcr ein gerades L\u00e4cheln sind Sie bei uns an der richtigen Adresse! In unserer Abteilung f\u00fcr Kieferorthop\u00e4die setzen wir moderne Techniken ein, um Ihre Z\u00e4hne zu richten.<\/p><\/div><\/div>\n<\/div>\n\n\n\n<div class=\"wp-block-uagb-container uagb-block-3d0b6798\">\n<div class=\"wp-block-uagb-image uagb-block-b86de3b0 wp-block-uagb-image--layout-default wp-block-uagb-image--effect-static wp-block-uagb-image--align-none\"><figure class=\"wp-block-uagb-image__figure\"><img decoding=\"async\" srcset=\"https:\/\/hataydent.com\/de\/wp-content\/uploads\/sites\/4\/2024\/10\/bannerlarkare8-1-1024x1024.jpg ,https:\/\/hataydent.com\/de\/wp-content\/uploads\/sites\/4\/2024\/10\/bannerlarkare8-1.jpg 780w, https:\/\/hataydent.com\/de\/wp-content\/uploads\/sites\/4\/2024\/10\/bannerlarkare8-1.jpg 360w\" sizes=\"auto, (max-width: 480px) 150px\" src=\"https:\/\/hataydent.com\/de\/wp-content\/uploads\/sites\/4\/2024\/10\/bannerlarkare8-1-1024x1024.jpg\" alt=\"\" class=\"uag-image-741\" width=\"1024\" height=\"1024\" title=\"bannerlarkare8\" loading=\"lazy\" role=\"img\"\/><\/figure><\/div>\n<\/div>\n<\/div>\n\n\n\n<div class=\"wp-block-uagb-container uagb-block-f962d74e alignwide uagb-is-root-container\">\n<div class=\"wp-block-uagb-container uagb-block-1fcda0fd\">\n<div class=\"wp-block-uagb-info-box uagb-block-92f59354 uagb-infobox__content-wrap  uagb-infobox-icon-above-title uagb-infobox-image-valign-top\"><div class=\"uagb-ifb-content\"><div class=\"uagb-ifb-icon-wrap\"><svg xmlns=\"https:\/\/www.w3.org\/2000\/svg\" viewBox=\"0 0 512 512\"><path d=\"M0 256C0 114.6 114.6 0 256 0C397.4 0 512 114.6 512 256C512 397.4 397.4 512 256 512C114.6 512 0 397.4 0 256zM371.8 211.8C382.7 200.9 382.7 183.1 371.8 172.2C360.9 161.3 343.1 161.3 332.2 172.2L224 280.4L179.8 236.2C168.9 225.3 151.1 225.3 140.2 236.2C129.3 247.1 129.3 264.9 140.2 275.8L204.2 339.8C215.1 350.7 232.9 350.7 243.8 339.8L371.8 211.8z\"><\/path><\/svg><\/div><div class=\"uagb-ifb-title-wrap\"><h3 class=\"uagb-ifb-title\"><strong>P\u00e4dodontie (Kinderzahnheilkunde)<\/strong><\/h3><\/div><p class=\"uagb-ifb-desc\">Besonderer Service f\u00fcr kleine L\u00e4cheln! Mit unserer Kinderzahnheilkunde sensibilisieren wir f\u00fcr die Zahngesundheit und behandeln Ihre Kinder.<\/p><\/div><\/div>\n<\/div>\n\n\n\n<div class=\"wp-block-uagb-container uagb-block-c35f98e1\">\n<div class=\"wp-block-uagb-image uagb-block-165a59f3 wp-block-uagb-image--layout-default wp-block-uagb-image--effect-static wp-block-uagb-image--align-none\"><figure class=\"wp-block-uagb-image__figure\"><img decoding=\"async\" srcset=\"https:\/\/hataydent.com\/de\/wp-content\/uploads\/sites\/4\/2024\/10\/bannerlarkare5-1024x1024.jpg ,https:\/\/hataydent.com\/de\/wp-content\/uploads\/sites\/4\/2024\/10\/bannerlarkare5.jpg 780w, https:\/\/hataydent.com\/de\/wp-content\/uploads\/sites\/4\/2024\/10\/bannerlarkare5.jpg 360w\" sizes=\"auto, (max-width: 480px) 150px\" src=\"https:\/\/hataydent.com\/de\/wp-content\/uploads\/sites\/4\/2024\/10\/bannerlarkare5-1024x1024.jpg\" alt=\"\" class=\"uag-image-724\" width=\"1024\" height=\"1024\" title=\"bannerlarkare5\" loading=\"lazy\" role=\"img\"\/><\/figure><\/div>\n<\/div>\n<\/div>\n\n\n\n<div class=\"wp-block-uagb-container uagb-block-fad66433 alignwide uagb-is-root-container\">\n<div class=\"wp-block-uagb-container uagb-block-57d400f3\">\n<div class=\"wp-block-uagb-info-box uagb-block-b06e29c6 uagb-infobox__content-wrap  uagb-infobox-icon-above-title uagb-infobox-image-valign-top\"><div class=\"uagb-ifb-content\"><div class=\"uagb-ifb-icon-wrap\"><svg xmlns=\"https:\/\/www.w3.org\/2000\/svg\" viewBox=\"0 0 512 512\"><path d=\"M0 256C0 114.6 114.6 0 256 0C397.4 0 512 114.6 512 256C512 397.4 397.4 512 256 512C114.6 512 0 397.4 0 256zM371.8 211.8C382.7 200.9 382.7 183.1 371.8 172.2C360.9 161.3 343.1 161.3 332.2 172.2L224 280.4L179.8 236.2C168.9 225.3 151.1 225.3 140.2 236.2C129.3 247.1 129.3 264.9 140.2 275.8L204.2 339.8C215.1 350.7 232.9 350.7 243.8 339.8L371.8 211.8z\"><\/path><\/svg><\/div><div class=\"uagb-ifb-title-wrap\"><h3 class=\"uagb-ifb-title\"><strong>Zahnaufhellung<\/strong><\/h3><\/div><p class=\"uagb-ifb-desc\">Eine gro\u00dfartige Methode f\u00fcr ein strahlendes und wei\u00dfes L\u00e4cheln! Wir bringen Ihr L\u00e4cheln zum Strahlen mit unserer Zahnaufhellungsanwendung<\/p><\/div><\/div>\n<\/div>\n\n\n\n<div class=\"wp-block-uagb-container uagb-block-1c4b6a16\">\n<div class=\"wp-block-uagb-image uagb-block-e8da5072 wp-block-uagb-image--layout-default wp-block-uagb-image--effect-static wp-block-uagb-image--align-none\"><figure class=\"wp-block-uagb-image__figure\"><img decoding=\"async\" srcset=\"https:\/\/hataydent.com\/de\/wp-content\/uploads\/sites\/4\/2024\/10\/bannerlarkare3-1024x1024.jpg ,https:\/\/hataydent.com\/de\/wp-content\/uploads\/sites\/4\/2024\/10\/bannerlarkare3.jpg 780w, https:\/\/hataydent.com\/de\/wp-content\/uploads\/sites\/4\/2024\/10\/bannerlarkare3.jpg 360w\" sizes=\"auto, (max-width: 480px) 150px\" src=\"https:\/\/hataydent.com\/de\/wp-content\/uploads\/sites\/4\/2024\/10\/bannerlarkare3-1024x1024.jpg\" alt=\"\" class=\"uag-image-722\" width=\"1024\" height=\"1024\" title=\"bannerlarkare3\" loading=\"lazy\" role=\"img\"\/><\/figure><\/div>\n<\/div>\n<\/div>\n\n\n\n<div class=\"wp-block-uagb-container uagb-block-1580a2aa alignwide uagb-is-root-container\">\n<div class=\"wp-block-uagb-container uagb-block-360e6dae\">\n<div class=\"wp-block-uagb-info-box uagb-block-657fd263 uagb-infobox__content-wrap  uagb-infobox-icon-above-title uagb-infobox-image-valign-top\"><div class=\"uagb-ifb-content\"><div class=\"uagb-ifb-icon-wrap\"><svg xmlns=\"https:\/\/www.w3.org\/2000\/svg\" viewBox=\"0 0 512 512\"><path d=\"M0 256C0 114.6 114.6 0 256 0C397.4 0 512 114.6 512 256C512 397.4 397.4 512 256 512C114.6 512 0 397.4 0 256zM371.8 211.8C382.7 200.9 382.7 183.1 371.8 172.2C360.9 161.3 343.1 161.3 332.2 172.2L224 280.4L179.8 236.2C168.9 225.3 151.1 225.3 140.2 236.2C129.3 247.1 129.3 264.9 140.2 275.8L204.2 339.8C215.1 350.7 232.9 350.7 243.8 339.8L371.8 211.8z\"><\/path><\/svg><\/div><div class=\"uagb-ifb-title-wrap\"><h3 class=\"uagb-ifb-title\"><strong>Prothetische Zahnmedizin<\/strong><\/h3><\/div><p class=\"uagb-ifb-desc\">Wir bringen Ihre fehlenden Z\u00e4hne zur\u00fcck ins Leben! Sie k\u00f6nnen Ihr L\u00e4cheln mit festsitzendem oder herausnehmbarem Zahnersatz zur\u00fcckgewinnen.<\/p><\/div><\/div>\n<\/div>\n\n\n\n<div class=\"wp-block-uagb-container uagb-block-50e5ef74\">\n<div class=\"wp-block-uagb-image uagb-block-e2be75bf wp-block-uagb-image--layout-default wp-block-uagb-image--effect-static wp-block-uagb-image--align-none\"><figure class=\"wp-block-uagb-image__figure\"><img decoding=\"async\" srcset=\"https:\/\/hataydent.com\/de\/wp-content\/uploads\/sites\/4\/2024\/10\/bannerlarkare6-1024x1024.jpg ,https:\/\/hataydent.com\/de\/wp-content\/uploads\/sites\/4\/2024\/10\/bannerlarkare6.jpg 780w, https:\/\/hataydent.com\/de\/wp-content\/uploads\/sites\/4\/2024\/10\/bannerlarkare6.jpg 360w\" sizes=\"auto, (max-width: 480px) 150px\" src=\"https:\/\/hataydent.com\/de\/wp-content\/uploads\/sites\/4\/2024\/10\/bannerlarkare6-1024x1024.jpg\" alt=\"\" class=\"uag-image-725\" width=\"1024\" height=\"1024\" title=\"bannerlarkare6\" loading=\"lazy\" role=\"img\"\/><\/figure><\/div>\n<\/div>\n<\/div>\n\n\n\n<div class=\"wp-block-uagb-container uagb-block-a062011f alignwide uagb-is-root-container\">\n<div class=\"wp-block-uagb-container uagb-block-d590f710\">\n<div class=\"wp-block-uagb-info-box uagb-block-20ee5602 uagb-infobox__content-wrap  uagb-infobox-icon-above-title uagb-infobox-image-valign-top\"><div class=\"uagb-ifb-content\"><div class=\"uagb-ifb-icon-wrap\"><svg xmlns=\"https:\/\/www.w3.org\/2000\/svg\" viewBox=\"0 0 512 512\"><path d=\"M0 256C0 114.6 114.6 0 256 0C397.4 0 512 114.6 512 256C512 397.4 397.4 512 256 512C114.6 512 0 397.4 0 256zM371.8 211.8C382.7 200.9 382.7 183.1 371.8 172.2C360.9 161.3 343.1 161.3 332.2 172.2L224 280.4L179.8 236.2C168.9 225.3 151.1 225.3 140.2 236.2C129.3 247.1 129.3 264.9 140.2 275.8L204.2 339.8C215.1 350.7 232.9 350.7 243.8 339.8L371.8 211.8z\"><\/path><\/svg><\/div><div class=\"uagb-ifb-title-wrap\"><h3 class=\"uagb-ifb-title\"><strong>Zahnfleischbehandlung (Parodontologie)<\/strong><\/h3><\/div><p class=\"uagb-ifb-desc\">Sch\u00fctzen Sie Ihr Zahnfleisch! In unserer Abteilung f\u00fcr Parodontologie bieten wir wirksame L\u00f6sungen gegen Zahnfleischerkrankungen.<\/p><\/div><\/div>\n<\/div>\n\n\n\n<div class=\"wp-block-uagb-container uagb-block-62e4abab\">\n<div class=\"wp-block-uagb-image uagb-block-feef2f57 wp-block-uagb-image--layout-default wp-block-uagb-image--effect-static wp-block-uagb-image--align-none\"><figure class=\"wp-block-uagb-image__figure\"><img decoding=\"async\" srcset=\"https:\/\/hataydent.com\/de\/wp-content\/uploads\/sites\/4\/2024\/10\/bannerlar1-576x1024.jpg ,https:\/\/hataydent.com\/de\/wp-content\/uploads\/sites\/4\/2024\/10\/bannerlar1.jpg 780w, https:\/\/hataydent.com\/de\/wp-content\/uploads\/sites\/4\/2024\/10\/bannerlar1.jpg 360w\" sizes=\"auto, (max-width: 480px) 150px\" src=\"https:\/\/hataydent.com\/de\/wp-content\/uploads\/sites\/4\/2024\/10\/bannerlar1-576x1024.jpg\" alt=\"\" class=\"uag-image-717\" width=\"576\" height=\"1024\" title=\"bannerlar1\" loading=\"lazy\" role=\"img\"\/><\/figure><\/div>\n<\/div>\n<\/div>\n","protected":false},"excerpt":{"rendered":"","protected":false},"author":1,"featured_media":0,"parent":0,"menu_order":0,"comment_status":"closed","ping_status":"closed","template":"","meta":{"_uag_custom_page_level_css":"","site-sidebar-layout":"default","site-content-layout":"","ast-site-content-layout":"default","site-content-style":"default","site-sidebar-style":"default","ast-global-header-display":"","ast-banner-title-visibility":"","ast-main-header-display":"","ast-hfb-above-header-display":"","ast-hfb-below-header-display":"","ast-hfb-mobile-header-display":"","site-post-title":"disabled","ast-breadcrumbs-content":"","ast-featured-img":"","footer-sml-layout":"","ast-disable-related-posts":"","theme-transparent-header-meta":"","adv-header-id-meta":"","stick-header-meta":"","header-above-stick-meta":"","header-main-stick-meta":"","header-below-stick-meta":"","astra-migrate-meta-layouts":"set","ast-page-background-enabled":"default","ast-page-background-meta":{"desktop":{"background-color":"var(--ast-global-color-4)","background-image":"","background-repeat":"repeat","background-position":"center center","background-size":"auto","background-attachment":"scroll","background-type":"","background-media":"","overlay-type":"","overlay-color":"","overlay-opacity":"","overlay-gradient":""},"tablet":{"background-color":"","background-image":"","background-repeat":"repeat","background-position":"center center","background-size":"auto","background-attachment":"scroll","background-type":"","background-media":"","overlay-type":"","overlay-color":"","overlay-opacity":"","overlay-gradient":""},"mobile":{"background-color":"","background-image":"","background-repeat":"repeat","background-position":"center center","background-size":"auto","background-attachment":"scroll","background-type":"","background-media":"","overlay-type":"","overlay-color":"","overlay-opacity":"","overlay-gradient":""}},"ast-content-background-meta":{"desktop":{"background-color":"var(--ast-global-color-5)","background-image":"","background-repeat":"repeat","background-position":"center center","background-size":"auto","background-attachment":"scroll","background-type":"","background-media":"","overlay-type":"","overlay-color":"","overlay-opacity":"","overlay-gradient":""},"tablet":{"background-color":"var(--ast-global-color-5)","background-image":"","background-repeat":"repeat","background-position":"center center","background-size":"auto","background-attachment":"scroll","background-type":"","background-media":"","overlay-type":"","overlay-color":"","overlay-opacity":"","overlay-gradient":""},"mobile":{"background-color":"var(--ast-global-color-5)","background-image":"","background-repeat":"repeat","background-position":"center center","background-size":"auto","background-attachment":"scroll","background-type":"","background-media":"","overlay-type":"","overlay-color":"","overlay-opacity":"","overlay-gradient":""}},"footnotes":""},"class_list":["post-623","page","type-page","status-publish","hentry"],"aioseo_notices":[],"uagb_featured_image_src":{"full":false,"thumbnail":false,"medium":false,"medium_large":false,"large":false,"1536x1536":false,"2048x2048":false},"uagb_author_info":{"display_name":"hasandogruel1@gmail.com","author_link":"https:\/\/hataydent.com\/de\/author\/hasandogruel1gmail-com\/"},"uagb_comment_info":0,"uagb_excerpt":null,"_links":{"self":[{"href":"https:\/\/hataydent.com\/de\/wp-json\/wp\/v2\/pages\/623","targetHints":{"allow":["GET"]}}],"collection":[{"href":"https:\/\/hataydent.com\/de\/wp-json\/wp\/v2\/pages"}],"about":[{"href":"https:\/\/hataydent.com\/de\/wp-json\/wp\/v2\/types\/page"}],"author":[{"embeddable":true,"href":"https:\/\/hataydent.com\/de\/wp-json\/wp\/v2\/users\/1"}],"replies":[{"embeddable":true,"href":"https:\/\/hataydent.com\/de\/wp-json\/wp\/v2\/comments?post=623"}],"version-history":[{"count":7,"href":"https:\/\/hataydent.com\/de\/wp-json\/wp\/v2\/pages\/623\/revisions"}],"predecessor-version":[{"id":746,"href":"https:\/\/hataydent.com\/de\/wp-json\/wp\/v2\/pages\/623\/revisions\/746"}],"wp:attachment":[{"href":"https:\/\/hataydent.com\/de\/wp-json\/wp\/v2\/media?parent=623"}],"curies":[{"name":"wp","href":"https:\/\/api.w.org\/{rel}","templated":true}]}}