{"id":624,"date":"2024-10-20T19:18:56","date_gmt":"2024-10-20T16:18:56","guid":{"rendered":"https:\/\/hataydent.com\/de\/?page_id=624"},"modified":"2024-10-22T02:39:07","modified_gmt":"2024-10-21T23:39:07","slug":"blog","status":"publish","type":"page","link":"https:\/\/hataydent.com\/de\/blog\/","title":{"rendered":"Blog"},"content":{"rendered":"\n<div class=\"wp-block-uagb-container uagb-block-a82cfdbc alignwide uagb-is-root-container\">\n<div class=\"wp-block-uagb-container uagb-block-1a238c77\"><\/div>\n\n\n\n<div class=\"wp-block-uagb-container uagb-block-079b050b\">\n<p><\/p>\n\n\n\n<p><\/p>\n\n\n\n<p><\/p>\n\n\n\n<p><\/p>\n<\/div>\n<\/div>\n\n\n\n<div class=\"wp-block-uagb-container uagb-block-1fde5db7 alignfull uagb-is-root-container\"><div class=\"uagb-container-inner-blocks-wrap\">\n<header class=\"wp-block-uagb-advanced-heading uagb-block-7ed5f530\"><h2 class=\"uagb-heading-text\">Dent Hatay Poliklinik f\u00fcr Mund- und Zahngesundheit f\u00fcr gesundes L\u00e4cheln<\/h2><\/header>\n\n\n\n<p>Das L\u00e4cheln ist der wertvollste Ausdruck eines Menschen und gesunde Z\u00e4hne sind die Eckpfeiler dieses L\u00e4chelns. Als Dent Hatay Mund- und Zahngesundheitspoliklinik messen wir Ihrer Zahngesundheit die n\u00f6tige Bedeutung bei und sind bestrebt, Ihnen einen Service h\u00f6chster Qualit\u00e4t zu bieten. Mit unserem fachkundigen Personal, unserer modernen Ausstattung und unserem breiten Angebot an Dienstleistungen sorgen wir daf\u00fcr, dass Sie ein gesundes und \u00e4sthetisches L\u00e4cheln haben.<\/p>\n\n\n\n<h4 class=\"wp-block-heading\">Treffen Sie unser Fachpersonal<\/h4>\n\n\n\n<p>Dent Hatay verf\u00fcgt \u00fcber ein Team von erfahrenen Zahn\u00e4rzten. Unsere fachkundigen Zahn\u00e4rzte verstehen die Bed\u00fcrfnisse unserer Patienten am besten und bieten ihnen personalisierte Behandlungspl\u00e4ne. Da jeder Patient nach seiner eigenen Gesundheitsgeschichte beurteilt wird, ist es nicht schwierig, die am besten geeignete Behandlungsmethode zu finden. Unsere Zahn\u00e4rzte sorgen daf\u00fcr, dass sich unsere Patienten sicher f\u00fchlen, indem sie sie \u00fcber die Zahngesundheit aufkl\u00e4ren. Mit unserem freundlichen und aufrichtigen Ansatz wollen wir die Angst vor dem Zahnarzt minimieren.<\/p>\n\n\n\n<h4 class=\"wp-block-heading\">Moderne Ausr\u00fcstung und Technologie<\/h4>\n\n\n\n<p>Der Erfolg im Bereich der Zahngesundheit h\u00e4ngt von der Qualit\u00e4t der eingesetzten Technik ab. Dent Hatay macht Ihre Behandlung effektiver und komfortabler, indem wir moderne Ger\u00e4te verwenden, die mit der neuesten Technologie ausgestattet sind. Unser digitales R\u00f6ntgensystem erm\u00f6glicht es uns, klarere Bilder mit geringer Strahlendosis zu erhalten. Au\u00dferdem k\u00f6nnen wir dank der Laserbehandlung die zahn\u00e4rztliche Behandlung angenehmer gestalten, indem wir schmerzfreie und schnelle L\u00f6sungen anbieten. Sie erm\u00f6glicht uns eine pr\u00e4zisere Planung von Implantat- und kieferorthop\u00e4dischen Behandlungen.<\/p>\n\n\n\n<h4 class=\"wp-block-heading\">Breite Palette von Dienstleistungen<\/h4>\n\n\n\n<p>Dent Hatay bietet eine breite Palette von Dienstleistungen zum Schutz der Zahngesundheit von Menschen jeden Alters. Zu den wichtigsten angebotenen Leistungen geh\u00f6ren:<\/p>\n\n\n\n<ul class=\"wp-block-list\">\n<li>Zahnreinigung: Eine regelm\u00e4\u00dfige Zahnreinigung ist wichtig, um die Gesundheit Ihrer Z\u00e4hne zu erhalten und Zahnfleischerkrankungen vorzubeugen.<\/li>\n\n\n\n<li>Karies-Behandlung: Durch die Reparatur Ihrer kari\u00f6sen Z\u00e4hne verhelfen wir Ihnen zu einem gesunden L\u00e4cheln.<\/li>\n\n\n\n<li>Wurzelkanalbehandlung: Wir retten Ihren Zahn, indem wir die Infektionen im Inneren Ihres Zahns entfernen.<\/li>\n\n\n\n<li>Zahnaufhellung: Wir bleichen Ihre Z\u00e4hne f\u00fcr ein \u00e4sthetischeres Aussehen.<\/li>\n\n\n\n<li>Implantat-Behandlung: Wir bieten dauerhafte und nat\u00fcrlich aussehende L\u00f6sungen f\u00fcr Ihre fehlenden Z\u00e4hne.<\/li>\n\n\n\n<li>\u00c4sthetische Zahnmedizin: Wir versch\u00f6nern Ihr L\u00e4cheln mit \u00e4sthetischen L\u00f6sungen wie z.B. Lamellen, Porzellan-Veneers.<\/li>\n\n\n\n<li>Kinderzahnheilkunde: Wir machen Zahngesundheit zum Vergn\u00fcgen und bieten spezielle Leistungen f\u00fcr unsere kleinen Patienten an.<\/li>\n<\/ul>\n\n\n\n<h4 class=\"wp-block-heading\">Kundenzufriedenheit und Vertrauen<\/h4>\n\n\n\n<p>Kundenzufriedenheit ist einer der wichtigsten Werte von Dent Hatay. Wir arbeiten akribisch daran, dass jeder Patient zufrieden ist. Wir h\u00f6ren Ihnen zu und bieten Ihnen die f\u00fcr Ihre Bed\u00fcrfnisse am besten geeigneten Behandlungsm\u00f6glichkeiten an. Das Vertrauen unserer Patienten zu gewinnen, ist f\u00fcr uns die gr\u00f6\u00dfte Motivation. In unserer Klinik sind wir immer f\u00fcr Sie da, um Ihre gesundheitlichen und \u00e4sthetischen Erwartungen zu erf\u00fcllen.<\/p>\n\n\n\n<h4 class=\"wp-block-heading\">Schlussfolgerung<\/h4>\n\n\n\n<p>Als Dent Hatay Mund- und Zahngesundheitspoliklinik sind wir f\u00fcr ein gesundes L\u00e4cheln da! Wir hei\u00dfen Sie in unserer Klinik herzlich willkommen, um Ihnen in allen Fragen rund um Ihre Zahngesundheit zur Seite zu stehen und den besten Service zu bieten. Denken Sie daran, dass ein gesundes L\u00e4cheln die T\u00fcren zu einem gl\u00fccklichen Leben \u00f6ffnet. Vereinbaren Sie noch heute einen Termin und entdecken Sie die Gesundheit Ihres L\u00e4chelns wieder!<\/p>\n\n\n\n<h3 class=\"wp-block-heading\">Kontakt Details<\/h3>\n\n\n\n<p>Sie k\u00f6nnen unsere Klinik anrufen, um weitere Informationen zu erhalten oder um einen Termin zu vereinbaren. Wir erwarten Sie bei Dent Hatay f\u00fcr ein gesundes L\u00e4cheln!<\/p>\n<\/div><\/div>\n","protected":false},"excerpt":{"rendered":"<p>Dent Hatay Poliklinik f\u00fcr Mund- und Zahngesundheit f\u00fcr gesundes L\u00e4cheln Das L\u00e4cheln ist der wertvollste Ausdruck eines Menschen und gesunde Z\u00e4hne sind die Eckpfeiler dieses L\u00e4chelns. Als Dent Hatay Mund- und Zahngesundheitspoliklinik messen wir Ihrer Zahngesundheit die n\u00f6tige Bedeutung bei und sind bestrebt, Ihnen einen Service h\u00f6chster Qualit\u00e4t zu bieten. Mit unserem fachkundigen Personal, unserer [&hellip;]<\/p>\n","protected":false},"author":1,"featured_media":0,"parent":0,"menu_order":0,"comment_status":"closed","ping_status":"closed","template":"","meta":{"_uag_custom_page_level_css":"","site-sidebar-layout":"default","site-content-layout":"","ast-site-content-layout":"default","site-content-style":"default","site-sidebar-style":"default","ast-global-header-display":"","ast-banner-title-visibility":"","ast-main-header-display":"","ast-hfb-above-header-display":"","ast-hfb-below-header-display":"","ast-hfb-mobile-header-display":"","site-post-title":"disabled","ast-breadcrumbs-content":"","ast-featured-img":"","footer-sml-layout":"","ast-disable-related-posts":"","theme-transparent-header-meta":"","adv-header-id-meta":"","stick-header-meta":"","header-above-stick-meta":"","header-main-stick-meta":"","header-below-stick-meta":"","astra-migrate-meta-layouts":"set","ast-page-background-enabled":"default","ast-page-background-meta":{"desktop":{"background-color":"var(--ast-global-color-4)","background-image":"","background-repeat":"repeat","background-position":"center center","background-size":"auto","background-attachment":"scroll","background-type":"","background-media":"","overlay-type":"","overlay-color":"","overlay-opacity":"","overlay-gradient":""},"tablet":{"background-color":"","background-image":"","background-repeat":"repeat","background-position":"center center","background-size":"auto","background-attachment":"scroll","background-type":"","background-media":"","overlay-type":"","overlay-color":"","overlay-opacity":"","overlay-gradient":""},"mobile":{"background-color":"","background-image":"","background-repeat":"repeat","background-position":"center center","background-size":"auto","background-attachment":"scroll","background-type":"","background-media":"","overlay-type":"","overlay-color":"","overlay-opacity":"","overlay-gradient":""}},"ast-content-background-meta":{"desktop":{"background-color":"var(--ast-global-color-5)","background-image":"","background-repeat":"repeat","background-position":"center center","background-size":"auto","background-attachment":"scroll","background-type":"","background-media":"","overlay-type":"","overlay-color":"","overlay-opacity":"","overlay-gradient":""},"tablet":{"background-color":"var(--ast-global-color-5)","background-image":"","background-repeat":"repeat","background-position":"center center","background-size":"auto","background-attachment":"scroll","background-type":"","background-media":"","overlay-type":"","overlay-color":"","overlay-opacity":"","overlay-gradient":""},"mobile":{"background-color":"var(--ast-global-color-5)","background-image":"","background-repeat":"repeat","background-position":"center center","background-size":"auto","background-attachment":"scroll","background-type":"","background-media":"","overlay-type":"","overlay-color":"","overlay-opacity":"","overlay-gradient":""}},"footnotes":""},"class_list":["post-624","page","type-page","status-publish","hentry"],"aioseo_notices":[],"uagb_featured_image_src":{"full":false,"thumbnail":false,"medium":false,"medium_large":false,"large":false,"1536x1536":false,"2048x2048":false},"uagb_author_info":{"display_name":"hasandogruel1@gmail.com","author_link":"https:\/\/hataydent.com\/de\/author\/hasandogruel1gmail-com\/"},"uagb_comment_info":0,"uagb_excerpt":"Dent Hatay Poliklinik f\u00fcr Mund- und Zahngesundheit f\u00fcr gesundes L\u00e4cheln Das L\u00e4cheln ist der wertvollste Ausdruck eines Menschen und gesunde Z\u00e4hne sind die Eckpfeiler dieses L\u00e4chelns. Als Dent Hatay Mund- und Zahngesundheitspoliklinik messen wir Ihrer Zahngesundheit die n\u00f6tige Bedeutung bei und sind bestrebt, Ihnen einen Service h\u00f6chster Qualit\u00e4t zu bieten. Mit unserem fachkundigen Personal, unserer&hellip;","_links":{"self":[{"href":"https:\/\/hataydent.com\/de\/wp-json\/wp\/v2\/pages\/624","targetHints":{"allow":["GET"]}}],"collection":[{"href":"https:\/\/hataydent.com\/de\/wp-json\/wp\/v2\/pages"}],"about":[{"href":"https:\/\/hataydent.com\/de\/wp-json\/wp\/v2\/types\/page"}],"author":[{"embeddable":true,"href":"https:\/\/hataydent.com\/de\/wp-json\/wp\/v2\/users\/1"}],"replies":[{"embeddable":true,"href":"https:\/\/hataydent.com\/de\/wp-json\/wp\/v2\/comments?post=624"}],"version-history":[{"count":6,"href":"https:\/\/hataydent.com\/de\/wp-json\/wp\/v2\/pages\/624\/revisions"}],"predecessor-version":[{"id":747,"href":"https:\/\/hataydent.com\/de\/wp-json\/wp\/v2\/pages\/624\/revisions\/747"}],"wp:attachment":[{"href":"https:\/\/hataydent.com\/de\/wp-json\/wp\/v2\/media?parent=624"}],"curies":[{"name":"wp","href":"https:\/\/api.w.org\/{rel}","templated":true}]}}