{"id":626,"date":"2024-10-20T19:18:56","date_gmt":"2024-10-20T16:18:56","guid":{"rendered":"https:\/\/hataydent.com\/de\/?page_id=626"},"modified":"2024-10-22T02:39:51","modified_gmt":"2024-10-21T23:39:51","slug":"ueber-uns","status":"publish","type":"page","link":"https:\/\/hataydent.com\/de\/ueber-uns\/","title":{"rendered":"\u00dcber Uns"},"content":{"rendered":"\n<div class=\"wp-block-uagb-container uagb-block-a82cfdbc alignfull uagb-is-root-container\"><div class=\"uagb-container-inner-blocks-wrap\">\n<div class=\"wp-block-uagb-container uagb-block-1a238c77\"><\/div>\n\n\n\n<div class=\"wp-block-uagb-container uagb-block-079b050b\">\n<p><\/p>\n\n\n\n<p><\/p>\n\n\n\n<p><\/p>\n\n\n\n<p><\/p>\n<\/div>\n<\/div><\/div>\n\n\n\n<div class=\"wp-block-uagb-container uagb-block-6b8590bc alignfull uagb-is-root-container\"><div class=\"uagb-container-inner-blocks-wrap\">\n<div class=\"wp-block-uagb-advanced-heading uagb-block-9b1da8ed\"><h1 class=\"uagb-heading-text\"><strong> Dent Hatay Poliklinik f\u00fcr Mund- und Zahngesundheit<\/strong><\/h1><\/div>\n\n\n\n<p>Als Dent Hatay Mund- und Zahngesundheitspoliklinik haben wir es uns zur Aufgabe gemacht, f\u00fcr ein gesundes und \u00e4sthetisches L\u00e4cheln in Hatay zu sorgen. Mit unserem breit gef\u00e4cherten Leistungsangebot und unserer modernen technologischen Infrastruktur bieten wir zuverl\u00e4ssige und innovative L\u00f6sungen im Bereich der Zahngesundheit. Mit Implantatbehandlungen, Zahn\u00e4sthetik, Kieferorthop\u00e4die, P\u00e4dodontie (Kinderzahnheilkunde) und vielen anderen zahnmedizinischen Leistungen erarbeiten wir professionelle L\u00f6sungen f\u00fcr die zahnmedizinischen Bed\u00fcrfnisse all unserer Patienten. Unsere fachkundigen Zahn\u00e4rzte sind bestrebt, ihre gesundheitlichen und \u00e4sthetischen Erwartungen auf h\u00f6chstem Niveau zu erf\u00fcllen, indem sie f\u00fcr jeden Patienten einen individuellen Behandlungsplan anbieten.<\/p>\n\n\n\n<h4 class=\"wp-block-heading\"><strong>Unser Auftrag und unsere Vision<\/strong><\/h4>\n\n\n\n<p>Als Dent Hatay Mund- und Zahngesundheitspoliklinik ist es unsere Aufgabe, jedem Menschen in Hatay gesunde und \u00e4sthetische zahnmedizinische L\u00f6sungen zu bieten. Wir sind uns bewusst, dass Ihr L\u00e4cheln eines der wichtigsten Elemente ist, das Ihr Selbstvertrauen st\u00e4rkt. Aus diesem Grund bieten wir unseren Patienten die besten Ergebnisse, indem wir die neuesten Behandlungsmethoden und Technologien im Bereich der Zahngesundheit anwenden. Unsere Vision ist es, die zuverl\u00e4ssigste und bevorzugte Klinik f\u00fcr zahnmedizinische Dienstleistungen in Hatay zu sein.<\/p>\n\n\n\n<h4 class=\"wp-block-heading\"><strong>Zahn\u00e4rztliches Fachpersonal<\/strong><\/h4>\n\n\n\n<p>Dent Hatay verf\u00fcgt \u00fcber ein Team von erfahrenen und fachkundigen Zahn\u00e4rzten. Unsere Zahn\u00e4rzte bieten unseren Patienten sichere, komfortable und schnelle Behandlungsl\u00f6sungen, indem sie die modernsten Techniken bei der Zahnbehandlung anwenden. F\u00fcr jeden Patienten werden spezielle Pl\u00e4ne zum Schutz und zur Verbesserung der Zahngesundheit erstellt. Auf diese Weise verl\u00e4sst jeder Patient unsere Klinik gesund und gl\u00fccklich, weil er die am besten geeignete Behandlung erhalten hat.<\/p>\n\n\n\n<h4 class=\"wp-block-heading\"><strong>Unsere Dienstleistungen<\/strong><\/h4>\n\n\n\n<p>Dent Hatay, das eine breite Palette von Dienstleistungen im Bereich der Mund- und Zahngesundheit in Hatay anbietet, bietet L\u00f6sungen f\u00fcr Patienten aller Altersgruppen. Zu unseren wichtigsten Dienstleistungen geh\u00f6ren:<\/p>\n\n\n\n<ul class=\"wp-block-list\">\n<li><strong>Implantat-Behandlung:<\/strong> Erhalten Sie nat\u00fcrlich aussehende und funktionelle Z\u00e4hne mit unseren Implantatbehandlungen, die dauerhafte L\u00f6sungen f\u00fcr Ihre fehlenden Z\u00e4hne bieten.<\/li>\n\n\n\n<li><strong>Zahn\u00e4sthetik:<\/strong> Wir formen Ihr L\u00e4cheln mit \u00e4sthetischen L\u00f6sungen wie Lamellen, Porzellanveneers und Zahnaufhellung neu.<\/li>\n\n\n\n<li>Kieferorthop\u00e4die Indem wir Ihre Z\u00e4hne mit Methoden wie Zahnspangen und transparenten Pl\u00e4ttchen ausrichten, verhelfen wir Ihnen zu einem ebenm\u00e4\u00dfigeren und ges\u00fcnderen L\u00e4cheln.<\/li>\n\n\n\n<li><strong>Wurzelkanalbehandlung:<\/strong> Indem wir die Infektionen in den Zahnwurzeln reinigen, retten wir Ihre Z\u00e4hne und lindern die Schmerzen.<\/li>\n\n\n\n<li><strong>Zahnfleischbehandlung (Parodontologie):<\/strong> Wir bieten pr\u00e4ventive und therapeutische L\u00f6sungen gegen Zahnfleischerkrankungen.<\/li>\n\n\n\n<li><strong>Kinderzahnheilkunde (P\u00e4dodontie):<\/strong> Wir helfen Kindern bei der Erhaltung ihrer Zahngesundheit mit Behandlungen, die speziell f\u00fcr unsere kleinen Patienten angeboten werden.<\/li>\n\n\n\n<li><strong>Zahnprothetik<\/strong>: Wir stellen die Funktion Ihrer fehlenden Z\u00e4hne mit festsitzenden oder herausnehmbaren Prothesen wieder her.<\/li>\n\n\n\n<li><strong>Zahnaufhellung:<\/strong> Wir bieten Ihnen eine professionelle Zahnaufhellung an, damit Ihr L\u00e4cheln strahlender und wei\u00dfer wird.<\/li>\n<\/ul>\n\n\n\n<h4 class=\"wp-block-heading\"><strong>Moderne Behandlungen mit neuester Technologie<\/strong><\/h4>\n\n\n\n<p>Unsere Klinik setzt die neuesten Technologien ein, um den Erfolg von Zahnbehandlungen zu steigern. Mit unseren digitalen R\u00f6ntgenger\u00e4ten k\u00f6nnen wir Ihre Zahngesundheit genau beurteilen und schnelle Behandlungsverfahren anbieten.<\/p>\n\n\n\n<h4 class=\"wp-block-heading\"><strong>Patientenzufriedenheit und Vertrauen<\/strong><\/h4>\n\n\n\n<p>Bei Dent Hatay hat die Zufriedenheit der Patienten oberste Priorit\u00e4t. Wir beantworten alle Fragen unserer Patienten w\u00e4hrend der zahn\u00e4rztlichen Behandlung, informieren sie ausf\u00fchrlich \u00fcber die Behandlungsabl\u00e4ufe und sorgen f\u00fcr eine sichere Umgebung. Wir arbeiten sorgf\u00e4ltig mit unseren spezialisierten Zahn\u00e4rzten zusammen, damit unsere Patienten ein gesundes L\u00e4cheln haben. Die Zufriedenheit eines jeden Patienten, der unsere Klinik verl\u00e4sst, ist f\u00fcr uns der wichtigste Erfolg.<\/p>\n\n\n\n<h4 class=\"wp-block-heading\"><strong>Termin und Kontakt<\/strong><\/h4>\n\n\n\n<p>Wenn Sie nach professionellen L\u00f6sungen f\u00fcr die Zahngesundheit in Hatay suchen, sind wir als Dent Hatay Oral and Dental Health Polyclinic immer f\u00fcr Sie da. Wenn Sie einen Termin unter unserer Kontaktnummer vereinbaren, k\u00f6nnen Sie in Ihre Zahngesundheit eintreten und von den Qualit\u00e4tsdienstleistungen unseres Fachpersonals profitieren. Mit modernen zahnmedizinischen Techniken und unserem Fachpersonal sind wir hier, um den Unterschied in Ihrem L\u00e4cheln zu machen!<\/p>\n<\/div><\/div>\n","protected":false},"excerpt":{"rendered":"<p>Dent Hatay Poliklinik f\u00fcr Mund- und Zahngesundheit Als Dent Hatay Mund- und Zahngesundheitspoliklinik haben wir es uns zur Aufgabe gemacht, f\u00fcr ein gesundes und \u00e4sthetisches L\u00e4cheln in Hatay zu sorgen. Mit unserem breit gef\u00e4cherten Leistungsangebot und unserer modernen technologischen Infrastruktur bieten wir zuverl\u00e4ssige und innovative L\u00f6sungen im Bereich der Zahngesundheit. Mit Implantatbehandlungen, Zahn\u00e4sthetik, Kieferorthop\u00e4die, P\u00e4dodontie [&hellip;]<\/p>\n","protected":false},"author":1,"featured_media":0,"parent":0,"menu_order":0,"comment_status":"closed","ping_status":"closed","template":"","meta":{"_uag_custom_page_level_css":"","site-sidebar-layout":"default","site-content-layout":"","ast-site-content-layout":"default","site-content-style":"default","site-sidebar-style":"default","ast-global-header-display":"","ast-banner-title-visibility":"","ast-main-header-display":"","ast-hfb-above-header-display":"","ast-hfb-below-header-display":"","ast-hfb-mobile-header-display":"","site-post-title":"disabled","ast-breadcrumbs-content":"","ast-featured-img":"","footer-sml-layout":"","ast-disable-related-posts":"","theme-transparent-header-meta":"","adv-header-id-meta":"","stick-header-meta":"","header-above-stick-meta":"","header-main-stick-meta":"","header-below-stick-meta":"","astra-migrate-meta-layouts":"set","ast-page-background-enabled":"default","ast-page-background-meta":{"desktop":{"background-color":"var(--ast-global-color-4)","background-image":"","background-repeat":"repeat","background-position":"center center","background-size":"auto","background-attachment":"scroll","background-type":"","background-media":"","overlay-type":"","overlay-color":"","overlay-opacity":"","overlay-gradient":""},"tablet":{"background-color":"","background-image":"","background-repeat":"repeat","background-position":"center center","background-size":"auto","background-attachment":"scroll","background-type":"","background-media":"","overlay-type":"","overlay-color":"","overlay-opacity":"","overlay-gradient":""},"mobile":{"background-color":"","background-image":"","background-repeat":"repeat","background-position":"center center","background-size":"auto","background-attachment":"scroll","background-type":"","background-media":"","overlay-type":"","overlay-color":"","overlay-opacity":"","overlay-gradient":""}},"ast-content-background-meta":{"desktop":{"background-color":"var(--ast-global-color-5)","background-image":"","background-repeat":"repeat","background-position":"center center","background-size":"auto","background-attachment":"scroll","background-type":"","background-media":"","overlay-type":"","overlay-color":"","overlay-opacity":"","overlay-gradient":""},"tablet":{"background-color":"var(--ast-global-color-5)","background-image":"","background-repeat":"repeat","background-position":"center center","background-size":"auto","background-attachment":"scroll","background-type":"","background-media":"","overlay-type":"","overlay-color":"","overlay-opacity":"","overlay-gradient":""},"mobile":{"background-color":"var(--ast-global-color-5)","background-image":"","background-repeat":"repeat","background-position":"center center","background-size":"auto","background-attachment":"scroll","background-type":"","background-media":"","overlay-type":"","overlay-color":"","overlay-opacity":"","overlay-gradient":""}},"footnotes":""},"class_list":["post-626","page","type-page","status-publish","hentry"],"aioseo_notices":[],"uagb_featured_image_src":{"full":false,"thumbnail":false,"medium":false,"medium_large":false,"large":false,"1536x1536":false,"2048x2048":false},"uagb_author_info":{"display_name":"hasandogruel1@gmail.com","author_link":"https:\/\/hataydent.com\/de\/author\/hasandogruel1gmail-com\/"},"uagb_comment_info":0,"uagb_excerpt":"Dent Hatay Poliklinik f\u00fcr Mund- und Zahngesundheit Als Dent Hatay Mund- und Zahngesundheitspoliklinik haben wir es uns zur Aufgabe gemacht, f\u00fcr ein gesundes und \u00e4sthetisches L\u00e4cheln in Hatay zu sorgen. Mit unserem breit gef\u00e4cherten Leistungsangebot und unserer modernen technologischen Infrastruktur bieten wir zuverl\u00e4ssige und innovative L\u00f6sungen im Bereich der Zahngesundheit. Mit Implantatbehandlungen, Zahn\u00e4sthetik, Kieferorthop\u00e4die, P\u00e4dodontie&hellip;","_links":{"self":[{"href":"https:\/\/hataydent.com\/de\/wp-json\/wp\/v2\/pages\/626","targetHints":{"allow":["GET"]}}],"collection":[{"href":"https:\/\/hataydent.com\/de\/wp-json\/wp\/v2\/pages"}],"about":[{"href":"https:\/\/hataydent.com\/de\/wp-json\/wp\/v2\/types\/page"}],"author":[{"embeddable":true,"href":"https:\/\/hataydent.com\/de\/wp-json\/wp\/v2\/users\/1"}],"replies":[{"embeddable":true,"href":"https:\/\/hataydent.com\/de\/wp-json\/wp\/v2\/comments?post=626"}],"version-history":[{"count":6,"href":"https:\/\/hataydent.com\/de\/wp-json\/wp\/v2\/pages\/626\/revisions"}],"predecessor-version":[{"id":749,"href":"https:\/\/hataydent.com\/de\/wp-json\/wp\/v2\/pages\/626\/revisions\/749"}],"wp:attachment":[{"href":"https:\/\/hataydent.com\/de\/wp-json\/wp\/v2\/media?parent=626"}],"curies":[{"name":"wp","href":"https:\/\/api.w.org\/{rel}","templated":true}]}}